{"id":2,"date":"2022-09-11T09:03:19","date_gmt":"2022-09-11T09:03:19","guid":{"rendered":"https:\/\/omegaquant.no\/?page_id=2"},"modified":"2022-12-18T15:28:08","modified_gmt":"2022-12-18T15:28:08","slug":"science-and-studies","status":"publish","type":"page","link":"https:\/\/omegaquant.no\/index.php\/science-and-studies\/","title":{"rendered":"Forskning og studier"},"content":{"rendered":"\t\t<div data-elementor-type=\"wp-page\" data-elementor-id=\"2\" class=\"elementor elementor-2\">\n\t\t\t\t\t\t<section class=\"elementor-section elementor-top-section elementor-element elementor-element-55910e91 elementor-section-boxed elementor-section-height-default elementor-section-height-default\" data-id=\"55910e91\" data-element_type=\"section\" data-e-type=\"section\">\n\t\t\t\t\t\t<div class=\"elementor-container elementor-column-gap-default\">\n\t\t\t\t\t<div class=\"elementor-column elementor-col-100 elementor-top-column elementor-element elementor-element-66837256\" data-id=\"66837256\" data-element_type=\"column\" data-e-type=\"column\">\n\t\t\t<div class=\"elementor-widget-wrap elementor-element-populated\">\n\t\t\t\t\t\t<div class=\"elementor-element elementor-element-3afea50 elementor-widget elementor-widget-text-editor\" data-id=\"3afea50\" data-element_type=\"widget\" data-e-type=\"widget\" data-widget_type=\"text-editor.default\">\n\t\t\t\t<div class=\"elementor-widget-container\">\n\t\t\t\t\t\t\t\t\t<p><\/p>\n<p>OmegaQuant er f\u00f8rst og fremst et forskningsbasert foretak. G\u00e5 direkte til kilden ved \u00e5\u00a0<a href=\"https:\/\/omegaquant.com\/researchers\/\" target=\"_blank\" rel=\"noopener\">klikke her<\/a><\/p>\n<p><\/p>\t\t\t\t\t\t\t\t<\/div>\n\t\t\t\t<\/div>\n\t\t\t\t\t<\/div>\n\t\t<\/div>\n\t\t\t\t\t<\/div>\n\t\t<\/section>\n\t\t\t\t<\/div>\n\t\t","protected":false},"excerpt":{"rendered":"<p>OmegaQuant er f\u00f8rst og fremst et forskningsbasert foretak. G\u00e5 direkte til kilden ved \u00e5\u00a0klikke her<\/p>\n","protected":false},"author":1,"featured_media":0,"parent":0,"menu_order":2,"comment_status":"closed","ping_status":"closed","template":"","meta":{"footnotes":""},"class_list":["post-2","page","type-page","status-publish","hentry"],"yoast_head":"<!-- This site is optimized with the Yoast SEO plugin v27.2 - https:\/\/yoast.com\/product\/yoast-seo-wordpress\/ -->\n<title>Forskning og studier - Omegaquant<\/title>\n<meta name=\"robots\" content=\"index, follow, max-snippet:-1, max-image-preview:large, max-video-preview:-1\" \/>\n<link rel=\"canonical\" href=\"https:\/\/omegaquant.no\/index.php\/science-and-studies\/\" \/>\n<meta property=\"og:locale\" content=\"nb_NO\" \/>\n<meta property=\"og:type\" content=\"article\" \/>\n<meta property=\"og:title\" content=\"Forskning og studier - Omegaquant\" \/>\n<meta property=\"og:description\" content=\"OmegaQuant er f\u00f8rst og fremst et forskningsbasert foretak. G\u00e5 direkte til kilden ved \u00e5\u00a0klikke her\" \/>\n<meta property=\"og:url\" content=\"https:\/\/omegaquant.no\/index.php\/science-and-studies\/\" \/>\n<meta property=\"og:site_name\" content=\"Omegaquant\" \/>\n<meta property=\"article:modified_time\" content=\"2022-12-18T15:28:08+00:00\" \/>\n<meta name=\"twitter:card\" content=\"summary_large_image\" \/>\n<meta name=\"twitter:label1\" content=\"Ansl. lesetid\" \/>\n\t<meta name=\"twitter:data1\" content=\"1 minutt\" \/>\n<script type=\"application\/ld+json\" class=\"yoast-schema-graph\">{\"@context\":\"https:\/\/schema.org\",\"@graph\":[{\"@type\":\"WebPage\",\"@id\":\"https:\/\/omegaquant.no\/index.php\/science-and-studies\/\",\"url\":\"https:\/\/omegaquant.no\/index.php\/science-and-studies\/\",\"name\":\"Forskning og studier - Omegaquant\",\"isPartOf\":{\"@id\":\"https:\/\/omegaquant.no\/#website\"},\"datePublished\":\"2022-09-11T09:03:19+00:00\",\"dateModified\":\"2022-12-18T15:28:08+00:00\",\"breadcrumb\":{\"@id\":\"https:\/\/omegaquant.no\/index.php\/science-and-studies\/#breadcrumb\"},\"inLanguage\":\"nb-NO\",\"potentialAction\":[{\"@type\":\"ReadAction\",\"target\":[\"https:\/\/omegaquant.no\/index.php\/science-and-studies\/\"]}]},{\"@type\":\"BreadcrumbList\",\"@id\":\"https:\/\/omegaquant.no\/index.php\/science-and-studies\/#breadcrumb\",\"itemListElement\":[{\"@type\":\"ListItem\",\"position\":1,\"name\":\"Hjem\",\"item\":\"https:\/\/omegaquant.no\/\"},{\"@type\":\"ListItem\",\"position\":2,\"name\":\"Forskning og studier\"}]},{\"@type\":\"WebSite\",\"@id\":\"https:\/\/omegaquant.no\/#website\",\"url\":\"https:\/\/omegaquant.no\/\",\"name\":\"Omegaquant\",\"description\":\"Blodpr\u00f8ver ern\u00e6ringsstatus\",\"publisher\":{\"@id\":\"https:\/\/omegaquant.no\/#organization\"},\"potentialAction\":[{\"@type\":\"SearchAction\",\"target\":{\"@type\":\"EntryPoint\",\"urlTemplate\":\"https:\/\/omegaquant.no\/?s={search_term_string}\"},\"query-input\":{\"@type\":\"PropertyValueSpecification\",\"valueRequired\":true,\"valueName\":\"search_term_string\"}}],\"inLanguage\":\"nb-NO\"},{\"@type\":\"Organization\",\"@id\":\"https:\/\/omegaquant.no\/#organization\",\"name\":\"Omegaquant\",\"url\":\"https:\/\/omegaquant.no\/\",\"logo\":{\"@type\":\"ImageObject\",\"inLanguage\":\"nb-NO\",\"@id\":\"https:\/\/omegaquant.no\/#\/schema\/logo\/image\/\",\"url\":\"https:\/\/omegaquant.no\/wp-content\/uploads\/2022\/09\/OmegaQuant-Logo-Horizontal.png\",\"contentUrl\":\"https:\/\/omegaquant.no\/wp-content\/uploads\/2022\/09\/OmegaQuant-Logo-Horizontal.png\",\"width\":517,\"height\":68,\"caption\":\"Omegaquant\"},\"image\":{\"@id\":\"https:\/\/omegaquant.no\/#\/schema\/logo\/image\/\"}}]}<\/script>\n<!-- \/ Yoast SEO plugin. -->","yoast_head_json":{"title":"Forskning og studier - Omegaquant","robots":{"index":"index","follow":"follow","max-snippet":"max-snippet:-1","max-image-preview":"max-image-preview:large","max-video-preview":"max-video-preview:-1"},"canonical":"https:\/\/omegaquant.no\/index.php\/science-and-studies\/","og_locale":"nb_NO","og_type":"article","og_title":"Forskning og studier - Omegaquant","og_description":"OmegaQuant er f\u00f8rst og fremst et forskningsbasert foretak. G\u00e5 direkte til kilden ved \u00e5\u00a0klikke her","og_url":"https:\/\/omegaquant.no\/index.php\/science-and-studies\/","og_site_name":"Omegaquant","article_modified_time":"2022-12-18T15:28:08+00:00","twitter_card":"summary_large_image","twitter_misc":{"Ansl. lesetid":"1 minutt"},"schema":{"@context":"https:\/\/schema.org","@graph":[{"@type":"WebPage","@id":"https:\/\/omegaquant.no\/index.php\/science-and-studies\/","url":"https:\/\/omegaquant.no\/index.php\/science-and-studies\/","name":"Forskning og studier - Omegaquant","isPartOf":{"@id":"https:\/\/omegaquant.no\/#website"},"datePublished":"2022-09-11T09:03:19+00:00","dateModified":"2022-12-18T15:28:08+00:00","breadcrumb":{"@id":"https:\/\/omegaquant.no\/index.php\/science-and-studies\/#breadcrumb"},"inLanguage":"nb-NO","potentialAction":[{"@type":"ReadAction","target":["https:\/\/omegaquant.no\/index.php\/science-and-studies\/"]}]},{"@type":"BreadcrumbList","@id":"https:\/\/omegaquant.no\/index.php\/science-and-studies\/#breadcrumb","itemListElement":[{"@type":"ListItem","position":1,"name":"Hjem","item":"https:\/\/omegaquant.no\/"},{"@type":"ListItem","position":2,"name":"Forskning og studier"}]},{"@type":"WebSite","@id":"https:\/\/omegaquant.no\/#website","url":"https:\/\/omegaquant.no\/","name":"Omegaquant","description":"Blodpr\u00f8ver ern\u00e6ringsstatus","publisher":{"@id":"https:\/\/omegaquant.no\/#organization"},"potentialAction":[{"@type":"SearchAction","target":{"@type":"EntryPoint","urlTemplate":"https:\/\/omegaquant.no\/?s={search_term_string}"},"query-input":{"@type":"PropertyValueSpecification","valueRequired":true,"valueName":"search_term_string"}}],"inLanguage":"nb-NO"},{"@type":"Organization","@id":"https:\/\/omegaquant.no\/#organization","name":"Omegaquant","url":"https:\/\/omegaquant.no\/","logo":{"@type":"ImageObject","inLanguage":"nb-NO","@id":"https:\/\/omegaquant.no\/#\/schema\/logo\/image\/","url":"https:\/\/omegaquant.no\/wp-content\/uploads\/2022\/09\/OmegaQuant-Logo-Horizontal.png","contentUrl":"https:\/\/omegaquant.no\/wp-content\/uploads\/2022\/09\/OmegaQuant-Logo-Horizontal.png","width":517,"height":68,"caption":"Omegaquant"},"image":{"@id":"https:\/\/omegaquant.no\/#\/schema\/logo\/image\/"}}]}},"_links":{"self":[{"href":"https:\/\/omegaquant.no\/index.php\/wp-json\/wp\/v2\/pages\/2","targetHints":{"allow":["GET"]}}],"collection":[{"href":"https:\/\/omegaquant.no\/index.php\/wp-json\/wp\/v2\/pages"}],"about":[{"href":"https:\/\/omegaquant.no\/index.php\/wp-json\/wp\/v2\/types\/page"}],"author":[{"embeddable":true,"href":"https:\/\/omegaquant.no\/index.php\/wp-json\/wp\/v2\/users\/1"}],"replies":[{"embeddable":true,"href":"https:\/\/omegaquant.no\/index.php\/wp-json\/wp\/v2\/comments?post=2"}],"version-history":[{"count":4,"href":"https:\/\/omegaquant.no\/index.php\/wp-json\/wp\/v2\/pages\/2\/revisions"}],"predecessor-version":[{"id":212,"href":"https:\/\/omegaquant.no\/index.php\/wp-json\/wp\/v2\/pages\/2\/revisions\/212"}],"wp:attachment":[{"href":"https:\/\/omegaquant.no\/index.php\/wp-json\/wp\/v2\/media?parent=2"}],"curies":[{"name":"wp","href":"https:\/\/api.w.org\/{rel}","templated":true}]}}