{"id":35,"date":"2022-09-11T10:34:09","date_gmt":"2022-09-11T10:34:09","guid":{"rendered":"https:\/\/omegaquant.no\/index.php\/portfolio\/"},"modified":"2022-12-18T15:29:23","modified_gmt":"2022-12-18T15:29:23","slug":"portfolio","status":"publish","type":"page","link":"https:\/\/omegaquant.no\/index.php\/portfolio\/","title":{"rendered":"Produkter"},"content":{"rendered":"\t\t<div data-elementor-type=\"wp-page\" data-elementor-id=\"35\" class=\"elementor elementor-35\">\n\t\t\t\t\t\t<section class=\"elementor-section elementor-top-section elementor-element elementor-element-65b67edf elementor-section-height-min-height elementor-section-items-stretch elementor-section-content-middle elementor-section-boxed elementor-section-height-default\" data-id=\"65b67edf\" data-element_type=\"section\" data-e-type=\"section\">\n\t\t\t\t\t\t<div class=\"elementor-container elementor-column-gap-no\">\n\t\t\t\t\t<div class=\"elementor-column elementor-col-100 elementor-top-column elementor-element elementor-element-7c245ff7\" data-id=\"7c245ff7\" data-element_type=\"column\" data-e-type=\"column\">\n\t\t\t<div class=\"elementor-widget-wrap elementor-element-populated\">\n\t\t\t\t\t\t<div class=\"elementor-element elementor-element-1bddabdc elementor-widget elementor-widget-heading\" data-id=\"1bddabdc\" data-element_type=\"widget\" data-e-type=\"widget\" data-widget_type=\"heading.default\">\n\t\t\t\t<div class=\"elementor-widget-container\">\n\t\t\t\t\t<h1 class=\"elementor-heading-title elementor-size-default\">V\u00e5re produkter<\/h1>\t\t\t\t<\/div>\n\t\t\t\t<\/div>\n\t\t\t\t<div class=\"elementor-element elementor-element-762e3ac4 elementor-widget elementor-widget-heading\" data-id=\"762e3ac4\" data-element_type=\"widget\" data-e-type=\"widget\" data-widget_type=\"heading.default\">\n\t\t\t\t<div class=\"elementor-widget-container\">\n\t\t\t\t\t<h5 class=\"elementor-heading-title elementor-size-default\">Her ser du en oversikt over v\u00e5re blodtester. <\/h5>\t\t\t\t<\/div>\n\t\t\t\t<\/div>\n\t\t\t\t\t<\/div>\n\t\t<\/div>\n\t\t\t\t\t<\/div>\n\t\t<\/section>\n\t\t\t\t<section class=\"elementor-section elementor-top-section elementor-element elementor-element-6fb032f5 elementor-section-content-middle elementor-section-full_width elementor-section-height-default elementor-section-height-default\" data-id=\"6fb032f5\" data-element_type=\"section\" data-e-type=\"section\">\n\t\t\t\t\t\t<div class=\"elementor-container elementor-column-gap-no\">\n\t\t\t\t\t<div class=\"elementor-column elementor-col-100 elementor-top-column elementor-element elementor-element-7f860be6\" data-id=\"7f860be6\" data-element_type=\"column\" data-e-type=\"column\">\n\t\t\t<div class=\"elementor-widget-wrap elementor-element-populated\">\n\t\t\t\t\t\t<div class=\"elementor-element elementor-element-675f9dc0 gallery-spacing-custom elementor-widget elementor-widget-image-gallery\" data-id=\"675f9dc0\" data-element_type=\"widget\" data-e-type=\"widget\" data-widget_type=\"image-gallery.default\">\n\t\t\t\t<div class=\"elementor-widget-container\">\n\t\t\t\t\t\t\t<div class=\"elementor-image-gallery\">\n\t\t\t<div id='gallery-1' class='gallery galleryid-35 gallery-columns-3 gallery-size-full'><figure class='gallery-item'>\n\t\t\t<div class='gallery-icon landscape'>\n\t\t\t\t<a data-elementor-open-lightbox=\"yes\" data-elementor-lightbox-slideshow=\"675f9dc0\" data-elementor-lightbox-title=\"Omega-3 Index Basic Kit image\" data-e-action-hash=\"#elementor-action%3Aaction%3Dlightbox%26settings%3DeyJpZCI6MjMzLCJ1cmwiOiJodHRwczpcL1wvb21lZ2FxdWFudC5ub1wvd3AtY29udGVudFwvdXBsb2Fkc1wvMjAyMlwvMTFcL09tZWdhLTMtSW5kZXgtQmFzaWMtS2l0LWltYWdlLnBuZyIsInNsaWRlc2hvdyI6IjY3NWY5ZGMwIn0%3D\" href='https:\/\/omegaquant.no\/wp-content\/uploads\/2022\/11\/Omega-3-Index-Basic-Kit-image.png'><img fetchpriority=\"high\" decoding=\"async\" width=\"1646\" height=\"1296\" src=\"https:\/\/omegaquant.no\/wp-content\/uploads\/2022\/11\/Omega-3-Index-Basic-Kit-image.png\" class=\"attachment-full size-full\" alt=\"\" aria-describedby=\"gallery-1-233\" srcset=\"https:\/\/omegaquant.no\/wp-content\/uploads\/2022\/11\/Omega-3-Index-Basic-Kit-image.png 1646w, https:\/\/omegaquant.no\/wp-content\/uploads\/2022\/11\/Omega-3-Index-Basic-Kit-image-600x472.png 600w, https:\/\/omegaquant.no\/wp-content\/uploads\/2022\/11\/Omega-3-Index-Basic-Kit-image-300x236.png 300w, https:\/\/omegaquant.no\/wp-content\/uploads\/2022\/11\/Omega-3-Index-Basic-Kit-image-1024x806.png 1024w, https:\/\/omegaquant.no\/wp-content\/uploads\/2022\/11\/Omega-3-Index-Basic-Kit-image-768x605.png 768w, https:\/\/omegaquant.no\/wp-content\/uploads\/2022\/11\/Omega-3-Index-Basic-Kit-image-1536x1209.png 1536w\" sizes=\"(max-width: 1646px) 100vw, 1646px\" \/><\/a>\n\t\t\t<\/div>\n\t\t\t\t<figcaption class='wp-caption-text gallery-caption' id='gallery-1-233'>\n\t\t\t\tBasic test\n\t\t\t\t<\/figcaption><\/figure><figure class='gallery-item'>\n\t\t\t<div class='gallery-icon landscape'>\n\t\t\t\t<a data-elementor-open-lightbox=\"yes\" data-elementor-lightbox-slideshow=\"675f9dc0\" data-elementor-lightbox-title=\"Omega-3 Index Plus Kit image\" data-e-action-hash=\"#elementor-action%3Aaction%3Dlightbox%26settings%3DeyJpZCI6MjM3LCJ1cmwiOiJodHRwczpcL1wvb21lZ2FxdWFudC5ub1wvd3AtY29udGVudFwvdXBsb2Fkc1wvMjAyMlwvMTFcL09tZWdhLTMtSW5kZXgtUGx1cy1LaXQtaW1hZ2UucG5nIiwic2xpZGVzaG93IjoiNjc1ZjlkYzAifQ%3D%3D\" href='https:\/\/omegaquant.no\/wp-content\/uploads\/2022\/11\/Omega-3-Index-Plus-Kit-image.png'><img decoding=\"async\" width=\"1646\" height=\"1296\" src=\"https:\/\/omegaquant.no\/wp-content\/uploads\/2022\/11\/Omega-3-Index-Plus-Kit-image.png\" class=\"attachment-full size-full\" alt=\"\" aria-describedby=\"gallery-1-237\" srcset=\"https:\/\/omegaquant.no\/wp-content\/uploads\/2022\/11\/Omega-3-Index-Plus-Kit-image.png 1646w, https:\/\/omegaquant.no\/wp-content\/uploads\/2022\/11\/Omega-3-Index-Plus-Kit-image-600x472.png 600w, https:\/\/omegaquant.no\/wp-content\/uploads\/2022\/11\/Omega-3-Index-Plus-Kit-image-300x236.png 300w, https:\/\/omegaquant.no\/wp-content\/uploads\/2022\/11\/Omega-3-Index-Plus-Kit-image-1024x806.png 1024w, https:\/\/omegaquant.no\/wp-content\/uploads\/2022\/11\/Omega-3-Index-Plus-Kit-image-768x605.png 768w, https:\/\/omegaquant.no\/wp-content\/uploads\/2022\/11\/Omega-3-Index-Plus-Kit-image-1536x1209.png 1536w\" sizes=\"(max-width: 1646px) 100vw, 1646px\" \/><\/a>\n\t\t\t<\/div>\n\t\t\t\t<figcaption class='wp-caption-text gallery-caption' id='gallery-1-237'>\n\t\t\t\tLitt mer utfyllende test\n\t\t\t\t<\/figcaption><\/figure><figure class='gallery-item'>\n\t\t\t<div class='gallery-icon landscape'>\n\t\t\t\t<a data-elementor-open-lightbox=\"yes\" data-elementor-lightbox-slideshow=\"675f9dc0\" data-elementor-lightbox-title=\"Omega-3 Index Complete Kit image\" data-e-action-hash=\"#elementor-action%3Aaction%3Dlightbox%26settings%3DeyJpZCI6MjM2LCJ1cmwiOiJodHRwczpcL1wvb21lZ2FxdWFudC5ub1wvd3AtY29udGVudFwvdXBsb2Fkc1wvMjAyMlwvMTFcL09tZWdhLTMtSW5kZXgtQ29tcGxldGUtS2l0LWltYWdlLnBuZyIsInNsaWRlc2hvdyI6IjY3NWY5ZGMwIn0%3D\" href='https:\/\/omegaquant.no\/wp-content\/uploads\/2022\/11\/Omega-3-Index-Complete-Kit-image.png'><img decoding=\"async\" width=\"1646\" height=\"1296\" src=\"https:\/\/omegaquant.no\/wp-content\/uploads\/2022\/11\/Omega-3-Index-Complete-Kit-image.png\" class=\"attachment-full size-full\" alt=\"\" aria-describedby=\"gallery-1-236\" srcset=\"https:\/\/omegaquant.no\/wp-content\/uploads\/2022\/11\/Omega-3-Index-Complete-Kit-image.png 1646w, https:\/\/omegaquant.no\/wp-content\/uploads\/2022\/11\/Omega-3-Index-Complete-Kit-image-600x472.png 600w, https:\/\/omegaquant.no\/wp-content\/uploads\/2022\/11\/Omega-3-Index-Complete-Kit-image-300x236.png 300w, https:\/\/omegaquant.no\/wp-content\/uploads\/2022\/11\/Omega-3-Index-Complete-Kit-image-1024x806.png 1024w, https:\/\/omegaquant.no\/wp-content\/uploads\/2022\/11\/Omega-3-Index-Complete-Kit-image-768x605.png 768w, https:\/\/omegaquant.no\/wp-content\/uploads\/2022\/11\/Omega-3-Index-Complete-Kit-image-1536x1209.png 1536w\" sizes=\"(max-width: 1646px) 100vw, 1646px\" \/><\/a>\n\t\t\t<\/div>\n\t\t\t\t<figcaption class='wp-caption-text gallery-caption' id='gallery-1-236'>\n\t\t\t\tKomplett test\n\t\t\t\t<\/figcaption><\/figure><figure class='gallery-item'>\n\t\t\t<div class='gallery-icon landscape'>\n\t\t\t\t<a data-elementor-open-lightbox=\"yes\" data-elementor-lightbox-slideshow=\"675f9dc0\" data-elementor-lightbox-title=\"Prenatal DHA Test image\" data-e-action-hash=\"#elementor-action%3Aaction%3Dlightbox%26settings%3DeyJpZCI6MjQ5LCJ1cmwiOiJodHRwczpcL1wvb21lZ2FxdWFudC5ub1wvd3AtY29udGVudFwvdXBsb2Fkc1wvMjAyMlwvMTFcL1ByZW5hdGFsLURIQS1UZXN0LWltYWdlLnBuZyIsInNsaWRlc2hvdyI6IjY3NWY5ZGMwIn0%3D\" href='https:\/\/omegaquant.no\/wp-content\/uploads\/2022\/11\/Prenatal-DHA-Test-image.png'><img loading=\"lazy\" decoding=\"async\" width=\"1646\" height=\"1296\" src=\"https:\/\/omegaquant.no\/wp-content\/uploads\/2022\/11\/Prenatal-DHA-Test-image.png\" class=\"attachment-full size-full\" alt=\"\" aria-describedby=\"gallery-1-249\" srcset=\"https:\/\/omegaquant.no\/wp-content\/uploads\/2022\/11\/Prenatal-DHA-Test-image.png 1646w, https:\/\/omegaquant.no\/wp-content\/uploads\/2022\/11\/Prenatal-DHA-Test-image-600x472.png 600w, https:\/\/omegaquant.no\/wp-content\/uploads\/2022\/11\/Prenatal-DHA-Test-image-300x236.png 300w, https:\/\/omegaquant.no\/wp-content\/uploads\/2022\/11\/Prenatal-DHA-Test-image-1024x806.png 1024w, https:\/\/omegaquant.no\/wp-content\/uploads\/2022\/11\/Prenatal-DHA-Test-image-768x605.png 768w, https:\/\/omegaquant.no\/wp-content\/uploads\/2022\/11\/Prenatal-DHA-Test-image-1536x1209.png 1536w\" sizes=\"(max-width: 1646px) 100vw, 1646px\" \/><\/a>\n\t\t\t<\/div>\n\t\t\t\t<figcaption class='wp-caption-text gallery-caption' id='gallery-1-249'>\n\t\t\t\tDHA niv\u00e5 hos gravide\n\t\t\t\t<\/figcaption><\/figure><figure class='gallery-item'>\n\t\t\t<div class='gallery-icon landscape'>\n\t\t\t\t<a data-elementor-open-lightbox=\"yes\" data-elementor-lightbox-slideshow=\"675f9dc0\" data-elementor-lightbox-title=\"Mothers Milk DHA Test Kit image\" data-e-action-hash=\"#elementor-action%3Aaction%3Dlightbox%26settings%3DeyJpZCI6MjQ4LCJ1cmwiOiJodHRwczpcL1wvb21lZ2FxdWFudC5ub1wvd3AtY29udGVudFwvdXBsb2Fkc1wvMjAyMlwvMTFcL01vdGhlcnMtTWlsay1ESEEtVGVzdC1LaXQtaW1hZ2UucG5nIiwic2xpZGVzaG93IjoiNjc1ZjlkYzAifQ%3D%3D\" href='https:\/\/omegaquant.no\/wp-content\/uploads\/2022\/11\/Mothers-Milk-DHA-Test-Kit-image.png'><img loading=\"lazy\" decoding=\"async\" width=\"1646\" height=\"1296\" src=\"https:\/\/omegaquant.no\/wp-content\/uploads\/2022\/11\/Mothers-Milk-DHA-Test-Kit-image.png\" class=\"attachment-full size-full\" alt=\"\" aria-describedby=\"gallery-1-248\" srcset=\"https:\/\/omegaquant.no\/wp-content\/uploads\/2022\/11\/Mothers-Milk-DHA-Test-Kit-image.png 1646w, https:\/\/omegaquant.no\/wp-content\/uploads\/2022\/11\/Mothers-Milk-DHA-Test-Kit-image-600x472.png 600w, https:\/\/omegaquant.no\/wp-content\/uploads\/2022\/11\/Mothers-Milk-DHA-Test-Kit-image-300x236.png 300w, https:\/\/omegaquant.no\/wp-content\/uploads\/2022\/11\/Mothers-Milk-DHA-Test-Kit-image-1024x806.png 1024w, https:\/\/omegaquant.no\/wp-content\/uploads\/2022\/11\/Mothers-Milk-DHA-Test-Kit-image-768x605.png 768w, https:\/\/omegaquant.no\/wp-content\/uploads\/2022\/11\/Mothers-Milk-DHA-Test-Kit-image-1536x1209.png 1536w\" sizes=\"(max-width: 1646px) 100vw, 1646px\" \/><\/a>\n\t\t\t<\/div>\n\t\t\t\t<figcaption class='wp-caption-text gallery-caption' id='gallery-1-248'>\n\t\t\t\tDHA niv\u00e5 i morsmelk\n\t\t\t\t<\/figcaption><\/figure><figure class='gallery-item'>\n\t\t\t<div class='gallery-icon landscape'>\n\t\t\t\t<a data-elementor-open-lightbox=\"yes\" data-elementor-lightbox-slideshow=\"675f9dc0\" data-elementor-lightbox-title=\"Vitamin D Test image\" data-e-action-hash=\"#elementor-action%3Aaction%3Dlightbox%26settings%3DeyJpZCI6MjUwLCJ1cmwiOiJodHRwczpcL1wvb21lZ2FxdWFudC5ub1wvd3AtY29udGVudFwvdXBsb2Fkc1wvMjAyMlwvMTFcL1ZpdGFtaW4tRC1UZXN0LWltYWdlLnBuZyIsInNsaWRlc2hvdyI6IjY3NWY5ZGMwIn0%3D\" href='https:\/\/omegaquant.no\/wp-content\/uploads\/2022\/11\/Vitamin-D-Test-image.png'><img loading=\"lazy\" decoding=\"async\" width=\"1646\" height=\"1296\" src=\"https:\/\/omegaquant.no\/wp-content\/uploads\/2022\/11\/Vitamin-D-Test-image.png\" class=\"attachment-full size-full\" alt=\"\" aria-describedby=\"gallery-1-250\" srcset=\"https:\/\/omegaquant.no\/wp-content\/uploads\/2022\/11\/Vitamin-D-Test-image.png 1646w, https:\/\/omegaquant.no\/wp-content\/uploads\/2022\/11\/Vitamin-D-Test-image-600x472.png 600w, https:\/\/omegaquant.no\/wp-content\/uploads\/2022\/11\/Vitamin-D-Test-image-300x236.png 300w, https:\/\/omegaquant.no\/wp-content\/uploads\/2022\/11\/Vitamin-D-Test-image-1024x806.png 1024w, https:\/\/omegaquant.no\/wp-content\/uploads\/2022\/11\/Vitamin-D-Test-image-768x605.png 768w, https:\/\/omegaquant.no\/wp-content\/uploads\/2022\/11\/Vitamin-D-Test-image-1536x1209.png 1536w\" sizes=\"(max-width: 1646px) 100vw, 1646px\" \/><\/a>\n\t\t\t<\/div>\n\t\t\t\t<figcaption class='wp-caption-text gallery-caption' id='gallery-1-250'>\n\t\t\t\tVitamin D niv\u00e5\n\t\t\t\t<\/figcaption><\/figure>\n\t\t<\/div>\n\t\t<\/div>\n\t\t\t\t\t\t<\/div>\n\t\t\t\t<\/div>\n\t\t\t\t\t<\/div>\n\t\t<\/div>\n\t\t\t\t\t<\/div>\n\t\t<\/section>\n\t\t\t\t<section class=\"elementor-section elementor-top-section elementor-element elementor-element-76557a71 elementor-section-full_width elementor-section-content-middle elementor-reverse-mobile elementor-section-height-default elementor-section-height-default\" data-id=\"76557a71\" data-element_type=\"section\" data-e-type=\"section\" data-settings=\"{&quot;background_background&quot;:&quot;classic&quot;}\">\n\t\t\t\t\t\t<div class=\"elementor-container elementor-column-gap-no\">\n\t\t\t\t\t<div class=\"elementor-column elementor-col-50 elementor-top-column elementor-element elementor-element-6e2a1d08\" data-id=\"6e2a1d08\" data-element_type=\"column\" data-e-type=\"column\">\n\t\t\t<div class=\"elementor-widget-wrap elementor-element-populated\">\n\t\t\t\t\t\t<div class=\"elementor-element elementor-element-74761ca1 elementor-widget elementor-widget-heading\" data-id=\"74761ca1\" data-element_type=\"widget\" data-e-type=\"widget\" data-widget_type=\"heading.default\">\n\t\t\t\t<div class=\"elementor-widget-container\">\n\t\t\t\t\t<h2 class=\"elementor-heading-title elementor-size-default\">Finner du ikke svar p\u00e5 sp\u00f8rsm\u00e5lene dine?<\/h2>\t\t\t\t<\/div>\n\t\t\t\t<\/div>\n\t\t\t\t<div class=\"elementor-element elementor-element-980453e elementor-widget elementor-widget-text-editor\" data-id=\"980453e\" data-element_type=\"widget\" data-e-type=\"widget\" data-widget_type=\"text-editor.default\">\n\t\t\t\t<div class=\"elementor-widget-container\">\n\t\t\t\t\t\t\t\t\t<p>Kontakt oss, s\u00e5 hjelper vi deg!<\/p>\t\t\t\t\t\t\t\t<\/div>\n\t\t\t\t<\/div>\n\t\t\t\t<div class=\"elementor-element elementor-element-d8b663 elementor-invisible elementor-widget elementor-widget-button\" data-id=\"d8b663\" data-element_type=\"widget\" data-e-type=\"widget\" data-settings=\"{&quot;_animation&quot;:&quot;fadeInDown&quot;}\" data-widget_type=\"button.default\">\n\t\t\t\t<div class=\"elementor-widget-container\">\n\t\t\t\t\t\t\t\t\t<div class=\"elementor-button-wrapper\">\n\t\t\t\t\t<a class=\"elementor-button elementor-button-link elementor-size-sm\" href=\"https:\/\/library.elementor.com\/portfolio-wireframe-2\/contact\/\">\n\t\t\t\t\t\t<span class=\"elementor-button-content-wrapper\">\n\t\t\t\t\t\t\t\t\t<span class=\"elementor-button-text\">Kontakt oss<\/span>\n\t\t\t\t\t<\/span>\n\t\t\t\t\t<\/a>\n\t\t\t\t<\/div>\n\t\t\t\t\t\t\t\t<\/div>\n\t\t\t\t<\/div>\n\t\t\t\t\t<\/div>\n\t\t<\/div>\n\t\t\t\t<div class=\"elementor-column elementor-col-50 elementor-top-column elementor-element elementor-element-4137ecda\" data-id=\"4137ecda\" data-element_type=\"column\" data-e-type=\"column\">\n\t\t\t<div class=\"elementor-widget-wrap elementor-element-populated\">\n\t\t\t\t\t\t<div class=\"elementor-element elementor-element-547f3780 elementor-widget elementor-widget-image\" data-id=\"547f3780\" data-element_type=\"widget\" data-e-type=\"widget\" data-widget_type=\"image.default\">\n\t\t\t\t<div class=\"elementor-widget-container\">\n\t\t\t\t\t\t\t\t\t\t\t\t\t\t\t<img loading=\"lazy\" decoding=\"async\" width=\"517\" height=\"68\" src=\"https:\/\/omegaquant.no\/wp-content\/uploads\/2022\/09\/OmegaQuant-Logo-Horizontal.png\" class=\"attachment-full size-full wp-image-69\" alt=\"\" srcset=\"https:\/\/omegaquant.no\/wp-content\/uploads\/2022\/09\/OmegaQuant-Logo-Horizontal.png 517w, https:\/\/omegaquant.no\/wp-content\/uploads\/2022\/09\/OmegaQuant-Logo-Horizontal-300x39.png 300w\" sizes=\"(max-width: 517px) 100vw, 517px\" \/>\t\t\t\t\t\t\t\t\t\t\t\t\t\t\t<\/div>\n\t\t\t\t<\/div>\n\t\t\t\t\t<\/div>\n\t\t<\/div>\n\t\t\t\t\t<\/div>\n\t\t<\/section>\n\t\t\t\t<\/div>\n\t\t","protected":false},"excerpt":{"rendered":"<p>V\u00e5re produkter Her ser du en oversikt over v\u00e5re blodtester. Basic test Litt mer utfyllende test Komplett test DHA niv\u00e5 hos gravide DHA niv\u00e5 i morsmelk Vitamin D niv\u00e5 Finner du ikke svar p\u00e5 sp\u00f8rsm\u00e5lene dine? Kontakt oss, s\u00e5 hjelper vi deg! Kontakt oss<\/p>\n","protected":false},"author":1,"featured_media":0,"parent":0,"menu_order":8,"comment_status":"closed","ping_status":"closed","template":"elementor_header_footer","meta":{"footnotes":""},"class_list":["post-35","page","type-page","status-publish","hentry"],"yoast_head":"<!-- This site is optimized with the Yoast SEO plugin v27.2 - https:\/\/yoast.com\/product\/yoast-seo-wordpress\/ -->\n<title>Produkter - Omegaquant<\/title>\n<meta name=\"robots\" content=\"index, follow, max-snippet:-1, max-image-preview:large, max-video-preview:-1\" \/>\n<link rel=\"canonical\" href=\"https:\/\/omegaquant.no\/index.php\/portfolio\/\" \/>\n<meta property=\"og:locale\" content=\"nb_NO\" \/>\n<meta property=\"og:type\" content=\"article\" \/>\n<meta property=\"og:title\" content=\"Produkter - Omegaquant\" \/>\n<meta property=\"og:description\" content=\"V\u00e5re produkter Her ser du en oversikt over v\u00e5re blodtester. Basic test Litt mer utfyllende test Komplett test DHA niv\u00e5 hos gravide DHA niv\u00e5 i morsmelk Vitamin D niv\u00e5 Finner du ikke svar p\u00e5 sp\u00f8rsm\u00e5lene dine? Kontakt oss, s\u00e5 hjelper vi deg! Kontakt oss\" \/>\n<meta property=\"og:url\" content=\"https:\/\/omegaquant.no\/index.php\/portfolio\/\" \/>\n<meta property=\"og:site_name\" content=\"Omegaquant\" \/>\n<meta property=\"article:modified_time\" content=\"2022-12-18T15:29:23+00:00\" \/>\n<meta property=\"og:image\" content=\"https:\/\/omegaquant.no\/wp-content\/uploads\/2022\/11\/Omega-3-Index-Basic-Kit-image.png\" \/>\n<meta name=\"twitter:card\" content=\"summary_large_image\" \/>\n<meta name=\"twitter:label1\" content=\"Ansl. lesetid\" \/>\n\t<meta name=\"twitter:data1\" content=\"2 minutter\" \/>\n<script type=\"application\/ld+json\" class=\"yoast-schema-graph\">{\"@context\":\"https:\/\/schema.org\",\"@graph\":[{\"@type\":\"WebPage\",\"@id\":\"https:\/\/omegaquant.no\/index.php\/portfolio\/\",\"url\":\"https:\/\/omegaquant.no\/index.php\/portfolio\/\",\"name\":\"Produkter - Omegaquant\",\"isPartOf\":{\"@id\":\"https:\/\/omegaquant.no\/#website\"},\"primaryImageOfPage\":{\"@id\":\"https:\/\/omegaquant.no\/index.php\/portfolio\/#primaryimage\"},\"image\":{\"@id\":\"https:\/\/omegaquant.no\/index.php\/portfolio\/#primaryimage\"},\"thumbnailUrl\":\"https:\/\/omegaquant.no\/wp-content\/uploads\/2022\/11\/Omega-3-Index-Basic-Kit-image.png\",\"datePublished\":\"2022-09-11T10:34:09+00:00\",\"dateModified\":\"2022-12-18T15:29:23+00:00\",\"breadcrumb\":{\"@id\":\"https:\/\/omegaquant.no\/index.php\/portfolio\/#breadcrumb\"},\"inLanguage\":\"nb-NO\",\"potentialAction\":[{\"@type\":\"ReadAction\",\"target\":[\"https:\/\/omegaquant.no\/index.php\/portfolio\/\"]}]},{\"@type\":\"ImageObject\",\"inLanguage\":\"nb-NO\",\"@id\":\"https:\/\/omegaquant.no\/index.php\/portfolio\/#primaryimage\",\"url\":\"https:\/\/omegaquant.no\/wp-content\/uploads\/2022\/11\/Omega-3-Index-Basic-Kit-image.png\",\"contentUrl\":\"https:\/\/omegaquant.no\/wp-content\/uploads\/2022\/11\/Omega-3-Index-Basic-Kit-image.png\",\"width\":1646,\"height\":1296,\"caption\":\"Basic test\"},{\"@type\":\"BreadcrumbList\",\"@id\":\"https:\/\/omegaquant.no\/index.php\/portfolio\/#breadcrumb\",\"itemListElement\":[{\"@type\":\"ListItem\",\"position\":1,\"name\":\"Hjem\",\"item\":\"https:\/\/omegaquant.no\/\"},{\"@type\":\"ListItem\",\"position\":2,\"name\":\"Produkter\"}]},{\"@type\":\"WebSite\",\"@id\":\"https:\/\/omegaquant.no\/#website\",\"url\":\"https:\/\/omegaquant.no\/\",\"name\":\"Omegaquant\",\"description\":\"Blodpr\u00f8ver ern\u00e6ringsstatus\",\"publisher\":{\"@id\":\"https:\/\/omegaquant.no\/#organization\"},\"potentialAction\":[{\"@type\":\"SearchAction\",\"target\":{\"@type\":\"EntryPoint\",\"urlTemplate\":\"https:\/\/omegaquant.no\/?s={search_term_string}\"},\"query-input\":{\"@type\":\"PropertyValueSpecification\",\"valueRequired\":true,\"valueName\":\"search_term_string\"}}],\"inLanguage\":\"nb-NO\"},{\"@type\":\"Organization\",\"@id\":\"https:\/\/omegaquant.no\/#organization\",\"name\":\"Omegaquant\",\"url\":\"https:\/\/omegaquant.no\/\",\"logo\":{\"@type\":\"ImageObject\",\"inLanguage\":\"nb-NO\",\"@id\":\"https:\/\/omegaquant.no\/#\/schema\/logo\/image\/\",\"url\":\"https:\/\/omegaquant.no\/wp-content\/uploads\/2022\/09\/OmegaQuant-Logo-Horizontal.png\",\"contentUrl\":\"https:\/\/omegaquant.no\/wp-content\/uploads\/2022\/09\/OmegaQuant-Logo-Horizontal.png\",\"width\":517,\"height\":68,\"caption\":\"Omegaquant\"},\"image\":{\"@id\":\"https:\/\/omegaquant.no\/#\/schema\/logo\/image\/\"}}]}<\/script>\n<!-- \/ Yoast SEO plugin. -->","yoast_head_json":{"title":"Produkter - Omegaquant","robots":{"index":"index","follow":"follow","max-snippet":"max-snippet:-1","max-image-preview":"max-image-preview:large","max-video-preview":"max-video-preview:-1"},"canonical":"https:\/\/omegaquant.no\/index.php\/portfolio\/","og_locale":"nb_NO","og_type":"article","og_title":"Produkter - Omegaquant","og_description":"V\u00e5re produkter Her ser du en oversikt over v\u00e5re blodtester. Basic test Litt mer utfyllende test Komplett test DHA niv\u00e5 hos gravide DHA niv\u00e5 i morsmelk Vitamin D niv\u00e5 Finner du ikke svar p\u00e5 sp\u00f8rsm\u00e5lene dine? Kontakt oss, s\u00e5 hjelper vi deg! Kontakt oss","og_url":"https:\/\/omegaquant.no\/index.php\/portfolio\/","og_site_name":"Omegaquant","article_modified_time":"2022-12-18T15:29:23+00:00","og_image":[{"url":"https:\/\/omegaquant.no\/wp-content\/uploads\/2022\/11\/Omega-3-Index-Basic-Kit-image.png","type":"","width":"","height":""}],"twitter_card":"summary_large_image","twitter_misc":{"Ansl. lesetid":"2 minutter"},"schema":{"@context":"https:\/\/schema.org","@graph":[{"@type":"WebPage","@id":"https:\/\/omegaquant.no\/index.php\/portfolio\/","url":"https:\/\/omegaquant.no\/index.php\/portfolio\/","name":"Produkter - Omegaquant","isPartOf":{"@id":"https:\/\/omegaquant.no\/#website"},"primaryImageOfPage":{"@id":"https:\/\/omegaquant.no\/index.php\/portfolio\/#primaryimage"},"image":{"@id":"https:\/\/omegaquant.no\/index.php\/portfolio\/#primaryimage"},"thumbnailUrl":"https:\/\/omegaquant.no\/wp-content\/uploads\/2022\/11\/Omega-3-Index-Basic-Kit-image.png","datePublished":"2022-09-11T10:34:09+00:00","dateModified":"2022-12-18T15:29:23+00:00","breadcrumb":{"@id":"https:\/\/omegaquant.no\/index.php\/portfolio\/#breadcrumb"},"inLanguage":"nb-NO","potentialAction":[{"@type":"ReadAction","target":["https:\/\/omegaquant.no\/index.php\/portfolio\/"]}]},{"@type":"ImageObject","inLanguage":"nb-NO","@id":"https:\/\/omegaquant.no\/index.php\/portfolio\/#primaryimage","url":"https:\/\/omegaquant.no\/wp-content\/uploads\/2022\/11\/Omega-3-Index-Basic-Kit-image.png","contentUrl":"https:\/\/omegaquant.no\/wp-content\/uploads\/2022\/11\/Omega-3-Index-Basic-Kit-image.png","width":1646,"height":1296,"caption":"Basic test"},{"@type":"BreadcrumbList","@id":"https:\/\/omegaquant.no\/index.php\/portfolio\/#breadcrumb","itemListElement":[{"@type":"ListItem","position":1,"name":"Hjem","item":"https:\/\/omegaquant.no\/"},{"@type":"ListItem","position":2,"name":"Produkter"}]},{"@type":"WebSite","@id":"https:\/\/omegaquant.no\/#website","url":"https:\/\/omegaquant.no\/","name":"Omegaquant","description":"Blodpr\u00f8ver ern\u00e6ringsstatus","publisher":{"@id":"https:\/\/omegaquant.no\/#organization"},"potentialAction":[{"@type":"SearchAction","target":{"@type":"EntryPoint","urlTemplate":"https:\/\/omegaquant.no\/?s={search_term_string}"},"query-input":{"@type":"PropertyValueSpecification","valueRequired":true,"valueName":"search_term_string"}}],"inLanguage":"nb-NO"},{"@type":"Organization","@id":"https:\/\/omegaquant.no\/#organization","name":"Omegaquant","url":"https:\/\/omegaquant.no\/","logo":{"@type":"ImageObject","inLanguage":"nb-NO","@id":"https:\/\/omegaquant.no\/#\/schema\/logo\/image\/","url":"https:\/\/omegaquant.no\/wp-content\/uploads\/2022\/09\/OmegaQuant-Logo-Horizontal.png","contentUrl":"https:\/\/omegaquant.no\/wp-content\/uploads\/2022\/09\/OmegaQuant-Logo-Horizontal.png","width":517,"height":68,"caption":"Omegaquant"},"image":{"@id":"https:\/\/omegaquant.no\/#\/schema\/logo\/image\/"}}]}},"_links":{"self":[{"href":"https:\/\/omegaquant.no\/index.php\/wp-json\/wp\/v2\/pages\/35","targetHints":{"allow":["GET"]}}],"collection":[{"href":"https:\/\/omegaquant.no\/index.php\/wp-json\/wp\/v2\/pages"}],"about":[{"href":"https:\/\/omegaquant.no\/index.php\/wp-json\/wp\/v2\/types\/page"}],"author":[{"embeddable":true,"href":"https:\/\/omegaquant.no\/index.php\/wp-json\/wp\/v2\/users\/1"}],"replies":[{"embeddable":true,"href":"https:\/\/omegaquant.no\/index.php\/wp-json\/wp\/v2\/comments?post=35"}],"version-history":[{"count":19,"href":"https:\/\/omegaquant.no\/index.php\/wp-json\/wp\/v2\/pages\/35\/revisions"}],"predecessor-version":[{"id":260,"href":"https:\/\/omegaquant.no\/index.php\/wp-json\/wp\/v2\/pages\/35\/revisions\/260"}],"wp:attachment":[{"href":"https:\/\/omegaquant.no\/index.php\/wp-json\/wp\/v2\/media?parent=35"}],"curies":[{"name":"wp","href":"https:\/\/api.w.org\/{rel}","templated":true}]}}