{"id":282,"date":"2022-11-20T17:52:10","date_gmt":"2022-11-20T17:52:10","guid":{"rendered":"https:\/\/omegaquant.no\/?post_type=product&#038;p=282"},"modified":"2024-11-09T16:58:16","modified_gmt":"2024-11-09T16:58:16","slug":"mothers-milk-dha-test","status":"publish","type":"product","link":"https:\/\/omegaquant.no\/index.php\/produkt\/mothers-milk-dha-test\/","title":{"rendered":"Mother&#8217;s Milk DHA Test"},"content":{"rendered":"<p>Mother&#8217;s Milk DHA Test m\u00e5ler mengden DHA i morsmelk. Studier viser at innholdet av denne omega-3 fettsyren b\u00f8r v\u00e6re over 0,32% av alle fettsyrer i melken.<\/p>\n<p>Slik gj\u00f8r du testen: Bruksanvisning (i boksen)<\/p>\n<p>Se eksempel p\u00e5 <a href=\"https:\/\/omegaquant.no\/wp-content\/uploads\/2022\/11\/Mothers-Milk-Eksempelrapport.pdf\" target=\"_blank\" rel=\"noopener\">resultatrapport<\/a> for denne testen.<\/p>\n","protected":false},"excerpt":{"rendered":"<p>Mother&#8217;s Milk DHA Test m\u00e5ler prosentvis innhold av DHA (omega-3) i morsmelk.<\/p>\n","protected":false},"featured_media":248,"template":"","meta":[],"product_brand":[],"product_cat":[20],"product_tag":[31,32,24,22,30,33,21],"class_list":{"0":"post-282","1":"product","2":"type-product","3":"status-publish","4":"has-post-thumbnail","6":"product_cat-omega-3","7":"product_tag-ammende","8":"product_tag-amming","9":"product_tag-dha","10":"product_tag-fiskeolje","11":"product_tag-gravid","12":"product_tag-morsmelk","13":"product_tag-omega-3","15":"first","16":"outofstock","17":"taxable","18":"shipping-taxable","19":"purchasable","20":"product-type-simple"},"yoast_head":"<!-- This site is optimized with the Yoast SEO plugin v27.2 - https:\/\/yoast.com\/product\/yoast-seo-wordpress\/ -->\n<title>Mother&#039;s Milk DHA Test - Omegaquant<\/title>\n<meta name=\"robots\" content=\"index, follow, max-snippet:-1, max-image-preview:large, max-video-preview:-1\" \/>\n<link rel=\"canonical\" href=\"https:\/\/omegaquant.no\/index.php\/produkt\/mothers-milk-dha-test\/\" \/>\n<meta property=\"og:locale\" content=\"nb_NO\" \/>\n<meta property=\"og:type\" content=\"article\" \/>\n<meta property=\"og:title\" content=\"Mother&#039;s Milk DHA Test - Omegaquant\" \/>\n<meta property=\"og:description\" content=\"Mother&#039;s Milk DHA Test m\u00e5ler prosentvis innhold av DHA (omega-3) i morsmelk.\" \/>\n<meta property=\"og:url\" content=\"https:\/\/omegaquant.no\/index.php\/produkt\/mothers-milk-dha-test\/\" \/>\n<meta property=\"og:site_name\" content=\"Omegaquant\" \/>\n<meta property=\"article:modified_time\" content=\"2024-11-09T16:58:16+00:00\" \/>\n<meta property=\"og:image\" content=\"https:\/\/omegaquant.no\/wp-content\/uploads\/2022\/11\/Mothers-Milk-DHA-Test-Kit-image.png\" \/>\n\t<meta property=\"og:image:width\" content=\"1646\" \/>\n\t<meta property=\"og:image:height\" content=\"1296\" \/>\n\t<meta property=\"og:image:type\" content=\"image\/png\" \/>\n<meta name=\"twitter:card\" content=\"summary_large_image\" \/>\n<meta name=\"twitter:label1\" content=\"Ansl. lesetid\" \/>\n\t<meta name=\"twitter:data1\" content=\"1 minutt\" \/>\n<script type=\"application\/ld+json\" class=\"yoast-schema-graph\">{\"@context\":\"https:\/\/schema.org\",\"@graph\":[{\"@type\":\"WebPage\",\"@id\":\"https:\/\/omegaquant.no\/index.php\/produkt\/mothers-milk-dha-test\/\",\"url\":\"https:\/\/omegaquant.no\/index.php\/produkt\/mothers-milk-dha-test\/\",\"name\":\"Mother's Milk DHA Test - Omegaquant\",\"isPartOf\":{\"@id\":\"https:\/\/omegaquant.no\/#website\"},\"primaryImageOfPage\":{\"@id\":\"https:\/\/omegaquant.no\/index.php\/produkt\/mothers-milk-dha-test\/#primaryimage\"},\"image\":{\"@id\":\"https:\/\/omegaquant.no\/index.php\/produkt\/mothers-milk-dha-test\/#primaryimage\"},\"thumbnailUrl\":\"https:\/\/omegaquant.no\/wp-content\/uploads\/2022\/11\/Mothers-Milk-DHA-Test-Kit-image.png\",\"datePublished\":\"2022-11-20T17:52:10+00:00\",\"dateModified\":\"2024-11-09T16:58:16+00:00\",\"breadcrumb\":{\"@id\":\"https:\/\/omegaquant.no\/index.php\/produkt\/mothers-milk-dha-test\/#breadcrumb\"},\"inLanguage\":\"nb-NO\",\"potentialAction\":[{\"@type\":\"ReadAction\",\"target\":[\"https:\/\/omegaquant.no\/index.php\/produkt\/mothers-milk-dha-test\/\"]}]},{\"@type\":\"ImageObject\",\"inLanguage\":\"nb-NO\",\"@id\":\"https:\/\/omegaquant.no\/index.php\/produkt\/mothers-milk-dha-test\/#primaryimage\",\"url\":\"https:\/\/omegaquant.no\/wp-content\/uploads\/2022\/11\/Mothers-Milk-DHA-Test-Kit-image.png\",\"contentUrl\":\"https:\/\/omegaquant.no\/wp-content\/uploads\/2022\/11\/Mothers-Milk-DHA-Test-Kit-image.png\",\"width\":1646,\"height\":1296,\"caption\":\"DHA niv\u00e5 i morsmelk\"},{\"@type\":\"BreadcrumbList\",\"@id\":\"https:\/\/omegaquant.no\/index.php\/produkt\/mothers-milk-dha-test\/#breadcrumb\",\"itemListElement\":[{\"@type\":\"ListItem\",\"position\":1,\"name\":\"Hjem\",\"item\":\"https:\/\/omegaquant.no\/\"},{\"@type\":\"ListItem\",\"position\":2,\"name\":\"Butikk\",\"item\":\"https:\/\/omegaquant.no\/index.php\/butikk\/\"},{\"@type\":\"ListItem\",\"position\":3,\"name\":\"Mother&#8217;s Milk DHA Test\"}]},{\"@type\":\"WebSite\",\"@id\":\"https:\/\/omegaquant.no\/#website\",\"url\":\"https:\/\/omegaquant.no\/\",\"name\":\"Omegaquant\",\"description\":\"Blodpr\u00f8ver ern\u00e6ringsstatus\",\"publisher\":{\"@id\":\"https:\/\/omegaquant.no\/#organization\"},\"potentialAction\":[{\"@type\":\"SearchAction\",\"target\":{\"@type\":\"EntryPoint\",\"urlTemplate\":\"https:\/\/omegaquant.no\/?s={search_term_string}\"},\"query-input\":{\"@type\":\"PropertyValueSpecification\",\"valueRequired\":true,\"valueName\":\"search_term_string\"}}],\"inLanguage\":\"nb-NO\"},{\"@type\":\"Organization\",\"@id\":\"https:\/\/omegaquant.no\/#organization\",\"name\":\"Omegaquant\",\"url\":\"https:\/\/omegaquant.no\/\",\"logo\":{\"@type\":\"ImageObject\",\"inLanguage\":\"nb-NO\",\"@id\":\"https:\/\/omegaquant.no\/#\/schema\/logo\/image\/\",\"url\":\"https:\/\/omegaquant.no\/wp-content\/uploads\/2022\/09\/OmegaQuant-Logo-Horizontal.png\",\"contentUrl\":\"https:\/\/omegaquant.no\/wp-content\/uploads\/2022\/09\/OmegaQuant-Logo-Horizontal.png\",\"width\":517,\"height\":68,\"caption\":\"Omegaquant\"},\"image\":{\"@id\":\"https:\/\/omegaquant.no\/#\/schema\/logo\/image\/\"}}]}<\/script>\n<!-- \/ Yoast SEO plugin. -->","yoast_head_json":{"title":"Mother's Milk DHA Test - Omegaquant","robots":{"index":"index","follow":"follow","max-snippet":"max-snippet:-1","max-image-preview":"max-image-preview:large","max-video-preview":"max-video-preview:-1"},"canonical":"https:\/\/omegaquant.no\/index.php\/produkt\/mothers-milk-dha-test\/","og_locale":"nb_NO","og_type":"article","og_title":"Mother's Milk DHA Test - Omegaquant","og_description":"Mother's Milk DHA Test m\u00e5ler prosentvis innhold av DHA (omega-3) i morsmelk.","og_url":"https:\/\/omegaquant.no\/index.php\/produkt\/mothers-milk-dha-test\/","og_site_name":"Omegaquant","article_modified_time":"2024-11-09T16:58:16+00:00","og_image":[{"width":1646,"height":1296,"url":"https:\/\/omegaquant.no\/wp-content\/uploads\/2022\/11\/Mothers-Milk-DHA-Test-Kit-image.png","type":"image\/png"}],"twitter_card":"summary_large_image","twitter_misc":{"Ansl. lesetid":"1 minutt"},"schema":{"@context":"https:\/\/schema.org","@graph":[{"@type":"WebPage","@id":"https:\/\/omegaquant.no\/index.php\/produkt\/mothers-milk-dha-test\/","url":"https:\/\/omegaquant.no\/index.php\/produkt\/mothers-milk-dha-test\/","name":"Mother's Milk DHA Test - Omegaquant","isPartOf":{"@id":"https:\/\/omegaquant.no\/#website"},"primaryImageOfPage":{"@id":"https:\/\/omegaquant.no\/index.php\/produkt\/mothers-milk-dha-test\/#primaryimage"},"image":{"@id":"https:\/\/omegaquant.no\/index.php\/produkt\/mothers-milk-dha-test\/#primaryimage"},"thumbnailUrl":"https:\/\/omegaquant.no\/wp-content\/uploads\/2022\/11\/Mothers-Milk-DHA-Test-Kit-image.png","datePublished":"2022-11-20T17:52:10+00:00","dateModified":"2024-11-09T16:58:16+00:00","breadcrumb":{"@id":"https:\/\/omegaquant.no\/index.php\/produkt\/mothers-milk-dha-test\/#breadcrumb"},"inLanguage":"nb-NO","potentialAction":[{"@type":"ReadAction","target":["https:\/\/omegaquant.no\/index.php\/produkt\/mothers-milk-dha-test\/"]}]},{"@type":"ImageObject","inLanguage":"nb-NO","@id":"https:\/\/omegaquant.no\/index.php\/produkt\/mothers-milk-dha-test\/#primaryimage","url":"https:\/\/omegaquant.no\/wp-content\/uploads\/2022\/11\/Mothers-Milk-DHA-Test-Kit-image.png","contentUrl":"https:\/\/omegaquant.no\/wp-content\/uploads\/2022\/11\/Mothers-Milk-DHA-Test-Kit-image.png","width":1646,"height":1296,"caption":"DHA niv\u00e5 i morsmelk"},{"@type":"BreadcrumbList","@id":"https:\/\/omegaquant.no\/index.php\/produkt\/mothers-milk-dha-test\/#breadcrumb","itemListElement":[{"@type":"ListItem","position":1,"name":"Hjem","item":"https:\/\/omegaquant.no\/"},{"@type":"ListItem","position":2,"name":"Butikk","item":"https:\/\/omegaquant.no\/index.php\/butikk\/"},{"@type":"ListItem","position":3,"name":"Mother&#8217;s Milk DHA Test"}]},{"@type":"WebSite","@id":"https:\/\/omegaquant.no\/#website","url":"https:\/\/omegaquant.no\/","name":"Omegaquant","description":"Blodpr\u00f8ver ern\u00e6ringsstatus","publisher":{"@id":"https:\/\/omegaquant.no\/#organization"},"potentialAction":[{"@type":"SearchAction","target":{"@type":"EntryPoint","urlTemplate":"https:\/\/omegaquant.no\/?s={search_term_string}"},"query-input":{"@type":"PropertyValueSpecification","valueRequired":true,"valueName":"search_term_string"}}],"inLanguage":"nb-NO"},{"@type":"Organization","@id":"https:\/\/omegaquant.no\/#organization","name":"Omegaquant","url":"https:\/\/omegaquant.no\/","logo":{"@type":"ImageObject","inLanguage":"nb-NO","@id":"https:\/\/omegaquant.no\/#\/schema\/logo\/image\/","url":"https:\/\/omegaquant.no\/wp-content\/uploads\/2022\/09\/OmegaQuant-Logo-Horizontal.png","contentUrl":"https:\/\/omegaquant.no\/wp-content\/uploads\/2022\/09\/OmegaQuant-Logo-Horizontal.png","width":517,"height":68,"caption":"Omegaquant"},"image":{"@id":"https:\/\/omegaquant.no\/#\/schema\/logo\/image\/"}}]}},"_links":{"self":[{"href":"https:\/\/omegaquant.no\/index.php\/wp-json\/wp\/v2\/product\/282","targetHints":{"allow":["GET"]}}],"collection":[{"href":"https:\/\/omegaquant.no\/index.php\/wp-json\/wp\/v2\/product"}],"about":[{"href":"https:\/\/omegaquant.no\/index.php\/wp-json\/wp\/v2\/types\/product"}],"version-history":[{"count":4,"href":"https:\/\/omegaquant.no\/index.php\/wp-json\/wp\/v2\/product\/282\/revisions"}],"predecessor-version":[{"id":399,"href":"https:\/\/omegaquant.no\/index.php\/wp-json\/wp\/v2\/product\/282\/revisions\/399"}],"wp:featuredmedia":[{"embeddable":true,"href":"https:\/\/omegaquant.no\/index.php\/wp-json\/wp\/v2\/media\/248"}],"wp:attachment":[{"href":"https:\/\/omegaquant.no\/index.php\/wp-json\/wp\/v2\/media?parent=282"}],"wp:term":[{"taxonomy":"product_brand","embeddable":true,"href":"https:\/\/omegaquant.no\/index.php\/wp-json\/wp\/v2\/product_brand?post=282"},{"taxonomy":"product_cat","embeddable":true,"href":"https:\/\/omegaquant.no\/index.php\/wp-json\/wp\/v2\/product_cat?post=282"},{"taxonomy":"product_tag","embeddable":true,"href":"https:\/\/omegaquant.no\/index.php\/wp-json\/wp\/v2\/product_tag?post=282"}],"curies":[{"name":"wp","href":"https:\/\/api.w.org\/{rel}","templated":true}]}}